{"id":5027,"date":"2014-02-25T19:21:03","date_gmt":"2014-02-25T22:21:03","guid":{"rendered":"http:\/\/astroentrerios.com.ar\/web\/?page_id=5027"},"modified":"2014-02-25T19:21:03","modified_gmt":"2014-02-25T22:21:03","slug":"equipamiento","status":"publish","type":"page","link":"https:\/\/astroentrerios.com.ar\/web\/equipamiento\/","title":{"rendered":"Equipamiento"},"content":{"rendered":"<div align=\"right\">\n<table id=\"AutoNumber2\" width=\"100%\" border=\"0\" cellspacing=\"0\" cellpadding=\"0\">\n<tbody>\n<tr>\n<td width=\"50%\"><img loading=\"lazy\" decoding=\"async\" alt=\"\" src=\"http:\/\/www.astroentrerios.com.ar\/images\/instrumentosfonts.jpg\" width=\"250\" height=\"57\" align=\"right\" border=\"0\" \/><\/td>\n<\/tr>\n<\/tbody>\n<\/table>\n<\/div>\n<p><b><span style=\"font-family: Verdana; font-size: large;\">Telescopio:\u00a0<\/span><span style=\"color: #ffffff; font-family: Verdana; font-size: large;\">MEADE LX 200<\/span><\/b><\/p>\n<div align=\"right\">\n<table id=\"AutoNumber1\" width=\"100%\" border=\"0\" cellspacing=\"0\" cellpadding=\"0\">\n<tbody>\n<tr>\n<td width=\"50%\">\n<p align=\"left\"><span style=\"font-family: Arial; font-size: small;\"><b>Tipo de \u00f3ptica: Schmidt-Cassegrain Catadrioptico.<\/p>\n<p>Abertura: 253 mm (10&#8243;) espejo principal.<br \/>\nDistancia focal: 1600 mm (63&#8243;)<br \/>\nRadio focal: R\/6.3.<br \/>\nResoluci\u00f3n: 0,45.<\/p>\n<p>Mag. Visual (limite):14.5.<br \/>\nMag. Fotom\u00e9trica (limite): 17.0.<\/p>\n<p>Montura Ecuatorial tipo horquilla.<\/p>\n<p>Fabricante: Meade Instruments Corporation.<\/p>\n<p>Base de datos: 64354 objetos, incluidos C\u00famulos, galaxias, nebulosas, planetas, estrellas, catalogos Messier, NGC, IC.<\/p>\n<p>Computadora de mano: Magelan II<br \/>\nBuscador 8 X 50 mm-9 X 60 mm.<\/b><\/span><\/p>\n<\/td>\n<td valign=\"top\" width=\"50%\"><b><span style=\"font-family: Tahoma;\"><img loading=\"lazy\" decoding=\"async\" alt=\"\" src=\"http:\/\/www.astroentrerios.com.ar\/images\/Telescope1.jpg\" width=\"281\" height=\"365\" align=\"right\" border=\"0\" \/><\/span><\/b><\/td>\n<\/tr>\n<\/tbody>\n<\/table>\n<\/div>\n<hr size=\"0\" \/>\n<p><b><span style=\"font-family: Tahoma; font-size: large;\">C\u00e1mara CCD:\u00a0<\/span><span style=\"color: #ffffff; font-family: Tahoma; font-size: large;\">SBIG ST-7<\/span><\/b><\/p>\n<div align=\"right\">\n<table id=\"AutoNumber3\" width=\"100%\" border=\"0\" cellspacing=\"0\" cellpadding=\"0\">\n<tbody>\n<tr>\n<td width=\"49%\">\n<p align=\"left\"><b><span style=\"font-family: Arial; font-size: small;\">Fabricante: Santa B\u00e1rbara Instruments Group.<br \/>\nChip CCD: KAF0400 de Kodak<br \/>\nDimensiones: 6,9 X 4,6 mm<br \/>\nTama\u00f1o P\u00edxel: 9 X 9 \u00b5<br \/>\nN\u00famero de P\u00edxeles: 765 X 520<br \/>\nSistema de Enfriamiento: termoel\u00e9ctrico<br \/>\nRegulaci\u00f3n de temperatura: 30\u00b0 por debajo de la temperatura ambiente.<br \/>\nChip CCD autoguiado: TC 211<br \/>\nDimensiones: 2,6 X 2,6 mm<br \/>\nN\u00famero de P\u00edxel: 292 X 164<br \/>\nTama\u00f1o P\u00edxel: 23,75 X 16 \u00b5.<\/span><\/b><\/p>\n<\/td>\n<td valign=\"top\" width=\"51%\"><b><span style=\"font-family: Tahoma;\"><img loading=\"lazy\" decoding=\"async\" alt=\"\" src=\"http:\/\/www.astroentrerios.com.ar\/images\/st7.jpg\" width=\"281\" height=\"211\" align=\"right\" border=\"0\" \/><\/span><\/b><\/td>\n<\/tr>\n<\/tbody>\n<\/table>\n<\/div>\n<div align=\"right\">\n<table id=\"AutoNumber4\" width=\"100%\" border=\"0\" cellspacing=\"0\" cellpadding=\"0\">\n<tbody>\n<tr>\n<td width=\"100%\">\n<p align=\"right\"><img loading=\"lazy\" decoding=\"async\" alt=\"\" src=\"http:\/\/www.astroentrerios.com.ar\/images\/curiosidadesfonts.jpg\" width=\"250\" height=\"57\" border=\"0\" \/><\/p>\n<\/td>\n<\/tr>\n<\/tbody>\n<\/table>\n<\/div>\n<div align=\"right\">\n<table id=\"AutoNumber5\" width=\"100%\" border=\"0\" cellspacing=\"0\" cellpadding=\"0\">\n<tbody>\n<tr>\n<td colspan=\"2\" valign=\"top\" width=\"61%\">\n<p align=\"justify\"><span style=\"font-family: Tahoma; font-size: small;\"><b><br \/>\n<\/b><\/span><span style=\"font-family: Arial; font-size: small;\">Dentro de las \u00abcuriosidades\u00bb que encontramos en el observatorio, aparecen un meteorito (roca procedente del espacio que ha ca\u00eddo a la Tierra hace miles de a\u00f1os), rescatado en Campo del Cielo, Chaco, Argentina.<\/span><\/p>\n<p align=\"justify\"><span style=\"font-family: Arial; font-size: small;\">Otro objeto ca\u00eddo a la Tierra y que sin lugar a dudas es \u00fanico en su tipo, son los restos de la estaci\u00f3n espacial rusa\u00a0<a href=\"http:\/\/www.astroentrerios.com.ar\/salyut.htm\">Salyut 7<\/a>, que cayo en nuestra regi\u00f3n en el a\u00f1o 1991, entre los restos podr\u00e1 observar parte del fuselaje y paneles con gran cantidad de componentes electr\u00f3nicos.<br \/>\n<\/span><\/p>\n<\/td>\n<\/tr>\n<tr>\n<td valign=\"top\" width=\"29%\"><img loading=\"lazy\" decoding=\"async\" alt=\"\" src=\"http:\/\/www.astroentrerios.com.ar\/images\/restos.jpg\" width=\"294\" height=\"192\" border=\"0\" \/><\/td>\n<td width=\"32%\">\n<p align=\"center\"><img loading=\"lazy\" decoding=\"async\" alt=\"\" src=\"http:\/\/www.astroentrerios.com.ar\/images\/aeaelect.jpg\" width=\"231\" height=\"194\" align=\"right\" border=\"0\" \/><\/p>\n<\/td>\n<\/tr>\n<\/tbody>\n<\/table>\n<\/div>\n","protected":false},"excerpt":{"rendered":"<p>Telescopio:\u00a0MEADE LX 200 Tipo de \u00f3ptica: Schmidt-Cassegrain Catadrioptico. Abertura: 253 mm (10&#8243;) espejo principal. Distancia focal: 1600 mm (63&#8243;) Radio focal: R\/6.3. Resoluci\u00f3n: 0,45. Mag. Visual (limite):14.5. Mag. Fotom\u00e9trica (limite):&#8230;<\/p>\n","protected":false},"author":1,"featured_media":0,"parent":0,"menu_order":0,"comment_status":"open","ping_status":"closed","template":"","meta":{"footnotes":""},"class_list":["post-5027","page","type-page","status-publish","hentry"],"_links":{"self":[{"href":"https:\/\/astroentrerios.com.ar\/web\/wp-json\/wp\/v2\/pages\/5027","targetHints":{"allow":["GET"]}}],"collection":[{"href":"https:\/\/astroentrerios.com.ar\/web\/wp-json\/wp\/v2\/pages"}],"about":[{"href":"https:\/\/astroentrerios.com.ar\/web\/wp-json\/wp\/v2\/types\/page"}],"author":[{"embeddable":true,"href":"https:\/\/astroentrerios.com.ar\/web\/wp-json\/wp\/v2\/users\/1"}],"replies":[{"embeddable":true,"href":"https:\/\/astroentrerios.com.ar\/web\/wp-json\/wp\/v2\/comments?post=5027"}],"version-history":[{"count":0,"href":"https:\/\/astroentrerios.com.ar\/web\/wp-json\/wp\/v2\/pages\/5027\/revisions"}],"wp:attachment":[{"href":"https:\/\/astroentrerios.com.ar\/web\/wp-json\/wp\/v2\/media?parent=5027"}],"curies":[{"name":"wp","href":"https:\/\/api.w.org\/{rel}","templated":true}]}}