{"id":5025,"date":"2014-02-25T19:20:17","date_gmt":"2014-02-25T22:20:17","guid":{"rendered":"http:\/\/astroentrerios.com.ar\/web\/?page_id=5025"},"modified":"2014-02-25T19:20:17","modified_gmt":"2014-02-25T22:20:17","slug":"actividades","status":"publish","type":"page","link":"https:\/\/astroentrerios.com.ar\/web\/actividades\/","title":{"rendered":"Actividades"},"content":{"rendered":"<div align=\"right\">\n<table id=\"AutoNumber2\" width=\"100%\" border=\"0\" cellspacing=\"0\" cellpadding=\"0\">\n<tbody>\n<tr>\n<td align=\"center\" width=\"100%\"><img loading=\"lazy\" decoding=\"async\" alt=\"\" src=\"http:\/\/www.astroentrerios.com.ar\/images\/actividadfont.jpg\" width=\"350\" height=\"50\" border=\"0\" \/><\/td>\n<\/tr>\n<\/tbody>\n<\/table>\n<\/div>\n<div align=\"right\">\n<table id=\"AutoNumber1\" width=\"100%\" border=\"0\" cellspacing=\"0\" cellpadding=\"0\">\n<tbody>\n<tr>\n<td width=\"100%\">\n<p align=\"center\"><span style=\"font-family: Arial; font-size: small;\">Entre las distintas actividades que el Observatorio astron\u00f3mico de Oro Verde realiza se encuentran :<\/span><\/p>\n<table id=\"AutoNumber5\" width=\"100%\" border=\"0\" cellspacing=\"0\" cellpadding=\"0\">\n<tbody>\n<tr>\n<td width=\"100%\">\n<p align=\"right\"><img loading=\"lazy\" decoding=\"async\" alt=\"\" src=\"http:\/\/www.astroentrerios.com.ar\/images\/difusionfont.jpg\" width=\"185\" height=\"57\" border=\"0\" \/>\n<\/p>\n<\/td>\n<\/tr>\n<\/tbody>\n<\/table>\n<table id=\"AutoNumber3\" width=\"100%\" border=\"0\" cellspacing=\"0\" cellpadding=\"0\">\n<tbody>\n<tr>\n<td width=\"38%\">\n<p align=\"justify\"><span style=\"font-family: Arial; font-size: small;\">Se lleva a cabo mediante la recepci\u00f3n de numerosas delegaciones de escolares y publico en general a los que se les ofrece la posibilidad de contemplar mediante el telescopio los distintos cuerpos celestes presentes en nuestros cielos australes como las afamadas Alfa y Beta Centaurus, que se\u00f1alan la direcci\u00f3n hacia la cual se encuentra la famosa Cruz del Sur junto al Saco de Carb\u00f3n.<\/span><\/p>\n<\/td>\n<td width=\"62%\">\n<p align=\"right\"><img loading=\"lazy\" decoding=\"async\" alt=\"\" src=\"http:\/\/www.astroentrerios.com.ar\/images\/colag1.jpg\" width=\"350\" height=\"175\" border=\"0\" \/><\/p>\n<\/td>\n<\/tr>\n<\/tbody>\n<\/table>\n<p align=\"justify\"><span style=\"font-family: Arial; font-size: small;\">Tambi\u00e9n podr\u00e1 observar muchos c\u00famulos globulares como el Joyero, la nebulosa Eta Carina, los grupos de galaxias de Fornax y Escultor, como as\u00ed tambi\u00e9n las nubes de Magallanes \u00fanicas galaxias visibles a simple vista, es decir, sistemas que no tienen equivalentes en el Hemisferio Norte. Por otro lado se realizan demostraciones del movimiento de los planetas, los eclipses, las fases lunares, las constelaciones y todo lo relacionado con la observaci\u00f3n astron\u00f3mica, gracias a distintos software especializados en el tema.<\/span><\/p>\n<table id=\"AutoNumber6\" width=\"100%\" border=\"0\" cellspacing=\"0\" cellpadding=\"0\">\n<tbody>\n<tr>\n<td width=\"100%\">\n<p align=\"right\"><img loading=\"lazy\" decoding=\"async\" alt=\"\" src=\"http:\/\/www.astroentrerios.com.ar\/images\/investigafonts.jpg\" width=\"250\" height=\"57\" border=\"0\" \/><\/p>\n<\/td>\n<\/tr>\n<\/tbody>\n<\/table>\n<table id=\"AutoNumber4\" width=\"100%\" border=\"0\" cellspacing=\"0\" cellpadding=\"0\">\n<tbody>\n<tr>\n<td width=\"39%\">\n<p align=\"justify\"><span style=\"font-family: Arial; font-size: small;\">Gracias a las modernas tecnolog\u00edas en fotograf\u00eda digital con las que cuenta este observatorio, se realizan peri\u00f3dicamente relevamienos fotogr\u00e1ficos de distintos sectores del cielo en busca de nuevos cometas y supernovas, como as\u00ed tambi\u00e9n investigaciones sobre estrellas variables, entre otras cosas. La\u00a0<b>AEA<\/b>\u00a0espera la colaboraci\u00f3n de todos aquellos a los que les apasiona la astronom\u00eda, para sumarse al equipo investigativo y participar de sus investigaciones.<\/span><\/p>\n<\/td>\n<td width=\"61%\"><img loading=\"lazy\" decoding=\"async\" alt=\"\" src=\"http:\/\/www.astroentrerios.com.ar\/images\/observar.jpg\" width=\"341\" height=\"225\" align=\"right\" border=\"0\" \/><\/td>\n<\/tr>\n<\/tbody>\n<\/table>\n<\/td>\n<\/tr>\n<\/tbody>\n<\/table>\n<\/div>\n","protected":false},"excerpt":{"rendered":"<p>Entre las distintas actividades que el Observatorio astron\u00f3mico de Oro Verde realiza se encuentran : Se lleva a cabo mediante la recepci\u00f3n de numerosas delegaciones de escolares y publico en&#8230;<\/p>\n","protected":false},"author":1,"featured_media":0,"parent":0,"menu_order":0,"comment_status":"open","ping_status":"closed","template":"","meta":{"footnotes":""},"class_list":["post-5025","page","type-page","status-publish","hentry"],"_links":{"self":[{"href":"https:\/\/astroentrerios.com.ar\/web\/wp-json\/wp\/v2\/pages\/5025","targetHints":{"allow":["GET"]}}],"collection":[{"href":"https:\/\/astroentrerios.com.ar\/web\/wp-json\/wp\/v2\/pages"}],"about":[{"href":"https:\/\/astroentrerios.com.ar\/web\/wp-json\/wp\/v2\/types\/page"}],"author":[{"embeddable":true,"href":"https:\/\/astroentrerios.com.ar\/web\/wp-json\/wp\/v2\/users\/1"}],"replies":[{"embeddable":true,"href":"https:\/\/astroentrerios.com.ar\/web\/wp-json\/wp\/v2\/comments?post=5025"}],"version-history":[{"count":0,"href":"https:\/\/astroentrerios.com.ar\/web\/wp-json\/wp\/v2\/pages\/5025\/revisions"}],"wp:attachment":[{"href":"https:\/\/astroentrerios.com.ar\/web\/wp-json\/wp\/v2\/media?parent=5025"}],"curies":[{"name":"wp","href":"https:\/\/api.w.org\/{rel}","templated":true}]}}