{"id":5022,"date":"2014-02-25T19:16:48","date_gmt":"2014-02-25T22:16:48","guid":{"rendered":"http:\/\/astroentrerios.com.ar\/web\/?page_id=5022"},"modified":"2014-10-11T23:55:40","modified_gmt":"2014-10-12T02:55:40","slug":"acerca-de","status":"publish","type":"page","link":"https:\/\/astroentrerios.com.ar\/web\/acerca-de\/","title":{"rendered":"El observatorio"},"content":{"rendered":"<p><span style=\"font-family: Arial; font-size: small;\"><img loading=\"lazy\" decoding=\"async\" class=\"aligncenter\" src=\"http:\/\/www.astroentrerios.com.ar\/images\/aea.jpg\" alt=\"\" width=\"350\" height=\"50\" border=\"0\" \/><\/span><\/p>\n<hr noshade=\"noshade\" size=\"0\" \/>\n<div align=\"right\">\n<table id=\"AutoNumber2\" border=\"0\" width=\"100%\" cellspacing=\"0\" cellpadding=\"0\">\n<tbody>\n<tr>\n<td width=\"33%\">\n<p align=\"justify\"><span style=\"font-family: Arial; font-size: small;\">El Observatorio Astron\u00f3mico se fund\u00f3 el 24 de septiembre de 1986, siendo administrado por la Asociaci\u00f3n Entrerriana de Astronom\u00eda.<\/span><\/p>\n<p align=\"justify\"><span style=\"font-family: Arial; font-size: small;\">Se ubica en el predio cedido por el Gobierno de Entre R\u00edos en el complejo Agrot\u00e9cnico de la Escuela Alberdi.<\/span><\/p>\n<\/td>\n<td width=\"67%\"><img loading=\"lazy\" decoding=\"async\" src=\"http:\/\/www.astroentrerios.com.ar\/images\/cupula.jpg\" alt=\"\" width=\"400\" height=\"165\" align=\"right\" border=\"0\" \/><\/td>\n<\/tr>\n<\/tbody>\n<\/table>\n<\/div>\n<figure id=\"attachment_5372\" aria-describedby=\"caption-attachment-5372\" style=\"width: 300px\" class=\"wp-caption alignleft\"><a href=\"http:\/\/astroentrerios.com.ar\/web\/wp-content\/uploads\/2014\/02\/Selecci\u00f3n_106.png\"><img loading=\"lazy\" decoding=\"async\" class=\"size-medium wp-image-5372 \" src=\"http:\/\/astroentrerios.com.ar\/web\/wp-content\/uploads\/2014\/02\/Selecci\u00f3n_106-300x300.png\" alt=\"Museo de la AEA\" width=\"300\" height=\"300\" srcset=\"https:\/\/astroentrerios.com.ar\/web\/wp-content\/uploads\/2014\/02\/Selecci\u00f3n_106-300x300.png 300w, https:\/\/astroentrerios.com.ar\/web\/wp-content\/uploads\/2014\/02\/Selecci\u00f3n_106-150x150.png 150w, https:\/\/astroentrerios.com.ar\/web\/wp-content\/uploads\/2014\/02\/Selecci\u00f3n_106.png 510w\" sizes=\"auto, (max-width: 300px) 100vw, 300px\" \/><\/a><figcaption id=\"caption-attachment-5372\" class=\"wp-caption-text\">Museo de la AEA<\/figcaption><\/figure>\n<p align=\"justify\"><span style=\"font-family: Arial; font-size: small;\">El observatorio recibe numerosas delegaciones escolares, estudiantes y p\u00fablico en general, quienes realizan observaciones telesc\u00f3picas de planetas, c\u00famulos estelares, galaxias, nebulosas y cometas; asisten a charlas guiadas donde se muestran fotograf\u00edas, meteoritos, adem\u00e1s de mostrar y asesorar sobre el uso de distintos software que recrean las maravillas de los cielos.<br \/>\nEstamos trabajando para lograr que este sitio sea un referente de la investigaci\u00f3n y difusi\u00f3n de la astronom\u00eda, aceptamos tu sugerencia y opini\u00f3n, comunicate con nosotros y suma.<br \/>\n<\/span><\/p>\n<p align=\"justify\"><code>\u00a0<\/code><\/p>\n","protected":false},"excerpt":{"rendered":"<p>El Observatorio Astron\u00f3mico se fund\u00f3 el 24 de septiembre de 1986, siendo administrado por la Asociaci\u00f3n Entrerriana de Astronom\u00eda. Se ubica en el predio cedido por el Gobierno de Entre&#8230;<\/p>\n","protected":false},"author":1,"featured_media":0,"parent":0,"menu_order":0,"comment_status":"open","ping_status":"closed","template":"","meta":{"footnotes":""},"class_list":["post-5022","page","type-page","status-publish","hentry"],"_links":{"self":[{"href":"https:\/\/astroentrerios.com.ar\/web\/wp-json\/wp\/v2\/pages\/5022","targetHints":{"allow":["GET"]}}],"collection":[{"href":"https:\/\/astroentrerios.com.ar\/web\/wp-json\/wp\/v2\/pages"}],"about":[{"href":"https:\/\/astroentrerios.com.ar\/web\/wp-json\/wp\/v2\/types\/page"}],"author":[{"embeddable":true,"href":"https:\/\/astroentrerios.com.ar\/web\/wp-json\/wp\/v2\/users\/1"}],"replies":[{"embeddable":true,"href":"https:\/\/astroentrerios.com.ar\/web\/wp-json\/wp\/v2\/comments?post=5022"}],"version-history":[{"count":0,"href":"https:\/\/astroentrerios.com.ar\/web\/wp-json\/wp\/v2\/pages\/5022\/revisions"}],"wp:attachment":[{"href":"https:\/\/astroentrerios.com.ar\/web\/wp-json\/wp\/v2\/media?parent=5022"}],"curies":[{"name":"wp","href":"https:\/\/api.w.org\/{rel}","templated":true}]}}